{"id":18,"date":"2020-02-11T11:02:45","date_gmt":"2020-02-11T11:02:45","guid":{"rendered":"http:\/\/anita-energiearbeit.de\/?page_id=18"},"modified":"2020-09-10T18:15:55","modified_gmt":"2020-09-10T18:15:55","slug":"herzlich-willkommen-auf-meiner-internetseite","status":"publish","type":"page","link":"https:\/\/anita-energiearbeit.de\/","title":{"rendered":"Herzlich Willkommen auf meiner Internetseite"},"content":{"rendered":"\n<p class=\"has-text-align-center\"><strong>Herzlich Willkommen auf meiner Internetseite<\/strong><\/p>\n\n\n\n<div class=\"wp-block-image\"><figure class=\"aligncenter size-large is-resized\"><img decoding=\"async\" loading=\"lazy\" src=\"http:\/\/anita-energiearbeit.de\/wp-content\/uploads\/2020\/09\/Anitaneu-1-768x1024.jpg\" alt=\"\" class=\"wp-image-131\" width=\"263\" height=\"351\" srcset=\"https:\/\/anita-energiearbeit.de\/wp-content\/uploads\/2020\/09\/Anitaneu-1-768x1024.jpg 768w, https:\/\/anita-energiearbeit.de\/wp-content\/uploads\/2020\/09\/Anitaneu-1-225x300.jpg 225w, https:\/\/anita-energiearbeit.de\/wp-content\/uploads\/2020\/09\/Anitaneu-1-45x60.jpg 45w, https:\/\/anita-energiearbeit.de\/wp-content\/uploads\/2020\/09\/Anitaneu-1.jpg 1080w\" sizes=\"(max-width: 263px) 100vw, 263px\" \/><\/figure><\/div>\n\n\n\n<p class=\"has-text-align-center\">Mit meiner \u201eenergetischen Arbeit\u201c kann  Einfluss genommen werden auf einer breiten Ebene im physischen und psychischen  Bereich und vieles was belastet darf sich auch l\u00f6sen wie z.B. Traumatas, \u00c4ngste, Konflikte und <br>k\u00f6rperliche Probleme.<br><\/p>\n\n\n\n<p class=\"has-text-align-center\">F\u00fcr Beratung, Fragen oder Erkl\u00e4ren meiner Arbeitsweise bin ich gerne f\u00fcr Sie da<br>Rupertistra\u00dfe 18, 84524 Neu\u00f6tting<br>Telefon 08671\/71294, Mobil 0178\/1743463<\/p>\n\n\n\n<p><\/p>\n","protected":false},"excerpt":{"rendered":"<p>Herzlich Willkommen auf meiner Internetseite Mit meiner \u201eenergetischen Arbeit\u201c kann Einfluss genommen werden auf einer breiten Ebene im physischen und psychischen Bereich und vieles was belastet darf sich auch l\u00f6sen wie z.B. Traumatas, \u00c4ngste, Konflikte und k\u00f6rperliche Probleme. F\u00fcr Beratung, Fragen oder Erkl\u00e4ren meiner Arbeitsweise bin ich gerne f\u00fcr Sie daRupertistra\u00dfe 18, 84524 Neu\u00f6ttingTelefon 08671\/71294, &hellip; <\/p>\n","protected":false},"author":1,"featured_media":0,"parent":0,"menu_order":0,"comment_status":"closed","ping_status":"closed","template":"","meta":[],"_links":{"self":[{"href":"https:\/\/anita-energiearbeit.de\/index.php?rest_route=\/wp\/v2\/pages\/18"}],"collection":[{"href":"https:\/\/anita-energiearbeit.de\/index.php?rest_route=\/wp\/v2\/pages"}],"about":[{"href":"https:\/\/anita-energiearbeit.de\/index.php?rest_route=\/wp\/v2\/types\/page"}],"author":[{"embeddable":true,"href":"https:\/\/anita-energiearbeit.de\/index.php?rest_route=\/wp\/v2\/users\/1"}],"replies":[{"embeddable":true,"href":"https:\/\/anita-energiearbeit.de\/index.php?rest_route=%2Fwp%2Fv2%2Fcomments&post=18"}],"version-history":[{"count":6,"href":"https:\/\/anita-energiearbeit.de\/index.php?rest_route=\/wp\/v2\/pages\/18\/revisions"}],"predecessor-version":[{"id":134,"href":"https:\/\/anita-energiearbeit.de\/index.php?rest_route=\/wp\/v2\/pages\/18\/revisions\/134"}],"wp:attachment":[{"href":"https:\/\/anita-energiearbeit.de\/index.php?rest_route=%2Fwp%2Fv2%2Fmedia&parent=18"}],"curies":[{"name":"wp","href":"https:\/\/api.w.org\/{rel}","templated":true}]}}