{"id":27,"date":"2020-02-11T11:15:21","date_gmt":"2020-02-11T11:15:21","guid":{"rendered":"http:\/\/anita-energiearbeit.de\/?page_id=27"},"modified":"2025-08-08T10:57:16","modified_gmt":"2025-08-08T10:57:16","slug":"ueber-mich","status":"publish","type":"page","link":"https:\/\/anita-energiearbeit.de\/?page_id=27","title":{"rendered":"\u00dcber mich"},"content":{"rendered":"\n<figure class=\"wp-block-image aligncenter size-large\"><img decoding=\"async\" loading=\"lazy\" width=\"640\" height=\"322\" src=\"http:\/\/anita-energiearbeit.de\/wp-content\/uploads\/2020\/08\/dandelion-3754974_640-2.jpg\" alt=\"Energiearbeit Heilarbeit Anita Dietrichsbruckner Neu\u00f6tting Alt\u00f6tting M\u00fchldorf Heiler Trauma aufl\u00f6sen Blockaden aufl\u00f6sen \u00c4ngste inneres Kind\nEnergie Aurachirurgie energetische Heilarbeit\" class=\"wp-image-103\" title=\"Energiearbeit Heilarbeit Anita Dietrichsbruckner Neu\u00f6tting Alt\u00f6tting M\u00fchldorf\" srcset=\"https:\/\/anita-energiearbeit.de\/wp-content\/uploads\/2020\/08\/dandelion-3754974_640-2.jpg 640w, https:\/\/anita-energiearbeit.de\/wp-content\/uploads\/2020\/08\/dandelion-3754974_640-2-300x151.jpg 300w, https:\/\/anita-energiearbeit.de\/wp-content\/uploads\/2020\/08\/dandelion-3754974_640-2-119x60.jpg 119w\" sizes=\"(max-width: 640px) 100vw, 640px\" \/><\/figure>\n\n\n\n<p class=\"has-text-align-left\">Die Heil- und Energiearbeit tr\u00e4gt dazu bei eine Krankheit zu \u00fcberwinden, die Gesundheit zu erhalten und die eigenen Heilkr\u00e4fte zu aktivieren.<br>Mit Hilfe der Energiearbeit ist es m\u00f6glich Einflu\u00df auf \u00c4ngste, Erwartungshaltungen, Glaubenss\u00e4tze und k\u00f6rperliche Beschwerden ins Positive f\u00fcr Sie zu ver\u00e4ndern. <br><br><strong>Mein Ziel ist es, IHRE Seele zu ber\u00fchren.<\/strong><br><br>Schmerzen, Blockaden, Traurigkeit, Angst, Kraftlosigkeit, Wut, Schwere und alte Emotionen k\u00f6nnen sich dabei l\u00f6sen, damit Sie zur inneren Ruhe finden und Ihre Lebenskraft selbst in die Hand nehmen k\u00f6nnen.<br><br>Vertraue Dir selbst!<br>Unsere Seele will, dass wir sie sehen. Ich helfe Ihnen in Achtsamkeit Ihre k\u00f6rperlichen, seelischen und geistigen Themen anzusehen und loszulassen.<\/p>\n\n\n\n<p>Gerne beantworte ich Ihre Fragen oder erkl\u00e4re Ihnen meine Arbeitsweise.<\/p>\n\n\n\n<ul>\n<li>Heilerausbildung bei Horst Krohne, sowie Jahresausbildung und weitere Fortbildungen in der Energie- und Heilarbeit bei Monika <br>Hasenknopf-Mairhofer<\/li>\n\n\n\n<li>Ein Jahr Hospitationsarbeit bei  Monika Hasenknopf-Mairhofer <\/li>\n\n\n\n<li>Konflikt- und Traumaarbeit bei Heilpraktiker Reiner K\u00f6rner<\/li>\n\n\n\n<li>Systemische Ausbildung  am A.S.A.M. Institut Erlangen<\/li>\n<\/ul>\n\n\n\n<p>In der Heilarbeit sind weder Medikamente mit Nebenwirkungen noch der Einsatz von medizinischen Ger\u00e4ten n\u00f6tig.<br><br>Eine Sitzung durch mich ersetzt NICHT den Besuch eines Arztes oder Heilpraktikers.<\/p>\n","protected":false},"excerpt":{"rendered":"<p>Die Heil- und Energiearbeit tr\u00e4gt dazu bei eine Krankheit zu \u00fcberwinden, die Gesundheit zu erhalten und die eigenen Heilkr\u00e4fte zu aktivieren.Mit Hilfe der Energiearbeit ist es m\u00f6glich Einflu\u00df auf \u00c4ngste, Erwartungshaltungen, Glaubenss\u00e4tze und k\u00f6rperliche Beschwerden ins Positive f\u00fcr Sie zu ver\u00e4ndern. Mein Ziel ist es, IHRE Seele zu ber\u00fchren. Schmerzen, Blockaden, Traurigkeit, Angst, Kraftlosigkeit, Wut, &hellip; <\/p>\n","protected":false},"author":1,"featured_media":0,"parent":0,"menu_order":0,"comment_status":"closed","ping_status":"closed","template":"","meta":[],"_links":{"self":[{"href":"https:\/\/anita-energiearbeit.de\/index.php?rest_route=\/wp\/v2\/pages\/27"}],"collection":[{"href":"https:\/\/anita-energiearbeit.de\/index.php?rest_route=\/wp\/v2\/pages"}],"about":[{"href":"https:\/\/anita-energiearbeit.de\/index.php?rest_route=\/wp\/v2\/types\/page"}],"author":[{"embeddable":true,"href":"https:\/\/anita-energiearbeit.de\/index.php?rest_route=\/wp\/v2\/users\/1"}],"replies":[{"embeddable":true,"href":"https:\/\/anita-energiearbeit.de\/index.php?rest_route=%2Fwp%2Fv2%2Fcomments&post=27"}],"version-history":[{"count":12,"href":"https:\/\/anita-energiearbeit.de\/index.php?rest_route=\/wp\/v2\/pages\/27\/revisions"}],"predecessor-version":[{"id":138,"href":"https:\/\/anita-energiearbeit.de\/index.php?rest_route=\/wp\/v2\/pages\/27\/revisions\/138"}],"wp:attachment":[{"href":"https:\/\/anita-energiearbeit.de\/index.php?rest_route=%2Fwp%2Fv2%2Fmedia&parent=27"}],"curies":[{"name":"wp","href":"https:\/\/api.w.org\/{rel}","templated":true}]}}