{"id":45,"date":"2020-02-11T12:55:26","date_gmt":"2020-02-11T12:55:26","guid":{"rendered":"http:\/\/anita-energiearbeit.de\/?page_id=45"},"modified":"2020-09-06T21:42:28","modified_gmt":"2020-09-06T21:42:28","slug":"meine-behandlungsweise","status":"publish","type":"page","link":"https:\/\/anita-energiearbeit.de\/?page_id=45","title":{"rendered":"Meine energetische Heilarbeitsweise"},"content":{"rendered":"\n<div class=\"wp-block-image\"><figure class=\"aligncenter size-large is-resized\"><img decoding=\"async\" loading=\"lazy\" src=\"http:\/\/anita-energiearbeit.de\/wp-content\/uploads\/2020\/08\/tree-498064_640-1.jpg\" alt=\"Energiearbeit Heilarbeit Anita Dietrichsbruckner Neu\u00f6tting Alt\u00f6tting M\u00fchldorf Heiler Trauma aufl\u00f6sen Blockaden aufl\u00f6sen \u00c4ngste inneres Kind\nEnergie Aurachirurgie energetische Heilarbeit\" class=\"wp-image-111\" width=\"676\" height=\"273\" srcset=\"https:\/\/anita-energiearbeit.de\/wp-content\/uploads\/2020\/08\/tree-498064_640-1.jpg 424w, https:\/\/anita-energiearbeit.de\/wp-content\/uploads\/2020\/08\/tree-498064_640-1-300x121.jpg 300w, https:\/\/anita-energiearbeit.de\/wp-content\/uploads\/2020\/08\/tree-498064_640-1-149x60.jpg 149w\" sizes=\"(max-width: 676px) 100vw, 676px\" \/><\/figure><\/div>\n\n\n\n<p>Ich helfe Ihnen in Achtsamkeit Ihre k\u00f6rperlichen, seelischen und geistigen Themen anzusehen und loszulassen. Eine Sitzung durch mich ersetzt NICHT den Besuch eines Arztes oder Heilpraktikers.<\/p>\n\n\n\n<ul><li>Energetische Heilarbeit <\/li><li>Akupressur und Klopftechniken<\/li><li>Aurachirurgie<\/li><li>Arbeit am inneren Kind<\/li><li>L\u00f6sen von Schock und Trauma<\/li><li>Sanftes Einrichten des K\u00f6rpers<\/li><li>Stop-Look-Go-Technik (Stop = Innehalten, Look = Schauen was im inneren passiert, Go = danach handeln)<\/li><\/ul>\n\n\n\n<p>Eine Sitzung durch mich ersetzt NICHT den Besuch eines Arztes oder Heilpraktikers. <\/p>\n","protected":false},"excerpt":{"rendered":"<p>Ich helfe Ihnen in Achtsamkeit Ihre k\u00f6rperlichen, seelischen und geistigen Themen anzusehen und loszulassen. Eine Sitzung durch mich ersetzt NICHT den Besuch eines Arztes oder Heilpraktikers. Energetische Heilarbeit Akupressur und Klopftechniken Aurachirurgie Arbeit am inneren Kind L\u00f6sen von Schock und Trauma Sanftes Einrichten des K\u00f6rpers Stop-Look-Go-Technik (Stop = Innehalten, Look = Schauen was im inneren &hellip; <\/p>\n","protected":false},"author":1,"featured_media":0,"parent":0,"menu_order":0,"comment_status":"closed","ping_status":"closed","template":"","meta":[],"_links":{"self":[{"href":"https:\/\/anita-energiearbeit.de\/index.php?rest_route=\/wp\/v2\/pages\/45"}],"collection":[{"href":"https:\/\/anita-energiearbeit.de\/index.php?rest_route=\/wp\/v2\/pages"}],"about":[{"href":"https:\/\/anita-energiearbeit.de\/index.php?rest_route=\/wp\/v2\/types\/page"}],"author":[{"embeddable":true,"href":"https:\/\/anita-energiearbeit.de\/index.php?rest_route=\/wp\/v2\/users\/1"}],"replies":[{"embeddable":true,"href":"https:\/\/anita-energiearbeit.de\/index.php?rest_route=%2Fwp%2Fv2%2Fcomments&post=45"}],"version-history":[{"count":11,"href":"https:\/\/anita-energiearbeit.de\/index.php?rest_route=\/wp\/v2\/pages\/45\/revisions"}],"predecessor-version":[{"id":126,"href":"https:\/\/anita-energiearbeit.de\/index.php?rest_route=\/wp\/v2\/pages\/45\/revisions\/126"}],"wp:attachment":[{"href":"https:\/\/anita-energiearbeit.de\/index.php?rest_route=%2Fwp%2Fv2%2Fmedia&parent=45"}],"curies":[{"name":"wp","href":"https:\/\/api.w.org\/{rel}","templated":true}]}}