{"id":71,"date":"2020-07-06T08:22:16","date_gmt":"2020-07-06T08:22:16","guid":{"rendered":"http:\/\/anita-energiearbeit.de\/?page_id=71"},"modified":"2025-08-08T10:57:19","modified_gmt":"2025-08-08T10:57:19","slug":"terminvereinbarung-kontakt","status":"publish","type":"page","link":"https:\/\/anita-energiearbeit.de\/?page_id=71","title":{"rendered":"Terminvereinbarung\/Kontakt"},"content":{"rendered":"\n<figure class=\"wp-block-image aligncenter size-large\"><img decoding=\"async\" loading=\"lazy\" width=\"640\" height=\"287\" src=\"http:\/\/anita-energiearbeit.de\/wp-content\/uploads\/2020\/08\/wildflowers-1406846_640-1.jpg\" alt=\"Energiearbeit Heilarbeit Anita Dietrichsbruckner Neu\u00f6tting Alt\u00f6tting M\u00fchldorf Heiler Trauma aufl\u00f6sen Blockaden aufl\u00f6sen \u00c4ngste inneres Kind\nEnergie Aurachirurgie energetische Heilarbeit\" class=\"wp-image-118\" title=\"Energiearbeit Heilarbeit Anita Dietrichsbruckner Neu\u00f6tting Alt\u00f6tting M\u00fchldorf\" srcset=\"https:\/\/anita-energiearbeit.de\/wp-content\/uploads\/2020\/08\/wildflowers-1406846_640-1.jpg 640w, https:\/\/anita-energiearbeit.de\/wp-content\/uploads\/2020\/08\/wildflowers-1406846_640-1-300x135.jpg 300w, https:\/\/anita-energiearbeit.de\/wp-content\/uploads\/2020\/08\/wildflowers-1406846_640-1-134x60.jpg 134w\" sizes=\"(max-width: 640px) 100vw, 640px\" \/><\/figure>\n\n\n\n<p class=\"has-text-align-center\">Wenn Sie Fragen zu meiner Arbeitsweise haben oder Sie einen <br>Termin w\u00fcnschen, bin ich gerne f\u00fcr Sie da.<br><br>Ich freue mich auf Ihren Anruf \ud83d\ude42<br><br>Telefon 08671\/71294, Mobil 0178\/1743463 <br>Rupertistra\u00dfe 18, 84524 Neu\u00f6tting \/ Landkreis Alt\u00f6tting<\/p>\n\n\n\n<p class=\"has-text-align-center\"><a href=\"Mail: anita.dietrichsbruckner@web.de\">Mail: anita.dietrichsbruckner@web.de<\/a><\/p>\n","protected":false},"excerpt":{"rendered":"<p>Wenn Sie Fragen zu meiner Arbeitsweise haben oder Sie einen Termin w\u00fcnschen, bin ich gerne f\u00fcr Sie da. Ich freue mich auf Ihren Anruf \ud83d\ude42 Telefon 08671\/71294, Mobil 0178\/1743463 Rupertistra\u00dfe 18, 84524 Neu\u00f6tting \/ Landkreis Alt\u00f6tting Mail: anita.dietrichsbruckner@web.de<\/p>\n","protected":false},"author":1,"featured_media":0,"parent":0,"menu_order":0,"comment_status":"closed","ping_status":"closed","template":"","meta":[],"_links":{"self":[{"href":"https:\/\/anita-energiearbeit.de\/index.php?rest_route=\/wp\/v2\/pages\/71"}],"collection":[{"href":"https:\/\/anita-energiearbeit.de\/index.php?rest_route=\/wp\/v2\/pages"}],"about":[{"href":"https:\/\/anita-energiearbeit.de\/index.php?rest_route=\/wp\/v2\/types\/page"}],"author":[{"embeddable":true,"href":"https:\/\/anita-energiearbeit.de\/index.php?rest_route=\/wp\/v2\/users\/1"}],"replies":[{"embeddable":true,"href":"https:\/\/anita-energiearbeit.de\/index.php?rest_route=%2Fwp%2Fv2%2Fcomments&post=71"}],"version-history":[{"count":8,"href":"https:\/\/anita-energiearbeit.de\/index.php?rest_route=\/wp\/v2\/pages\/71\/revisions"}],"predecessor-version":[{"id":136,"href":"https:\/\/anita-energiearbeit.de\/index.php?rest_route=\/wp\/v2\/pages\/71\/revisions\/136"}],"wp:attachment":[{"href":"https:\/\/anita-energiearbeit.de\/index.php?rest_route=%2Fwp%2Fv2%2Fmedia&parent=71"}],"curies":[{"name":"wp","href":"https:\/\/api.w.org\/{rel}","templated":true}]}}